{"id":1154,"date":"2025-11-17T04:59:07","date_gmt":"2025-11-17T04:59:07","guid":{"rendered":"https:\/\/singaporetouchlcd.com\/php1\/?post_type=product&#038;p=1154"},"modified":"2025-11-17T04:59:25","modified_gmt":"2025-11-17T04:59:25","slug":"viewsonic-ifp7550-3-viewboard-75-4k-interactive-display-slot-in-pc-bundle","status":"publish","type":"product","link":"https:\/\/singaporetouchlcd.com\/php1\/product\/viewsonic-ifp7550-3-viewboard-75-4k-interactive-display-slot-in-pc-bundle\/","title":{"rendered":"Viewsonic IFP7550-3 ViewBoard\u00ae 75&#8243; 4K Interactive Display + slot in pc bundle"},"content":{"rendered":"<div class=\"vs-container-fluid overview-callout\">\n<div class=\"vs-container row\">\n<div class=\"col-xs-12\">\n<h3>OVERVIEW<\/h3>\n<p>The ViewBoard\u00ae IFP50 series embraces ultra fine touch technology to offer fine precision writing. Along with slim IR touch and its optimized integration, the processing time is faster than traditional IR panels. Meanwhile, smooth dual-pen writing with our new, slim 3mm pens enables teachers and students to work efficiently on any detailed tasks that require the accurate use of fine tipped pens during group discussion. On top of that, the ViewBoard\u00ae IFP50 series is designed with a slim bezel to broaden your viewing experience, so that even at the edge you can write clearly and thinly. It is also well integrated with myViewBoard\u2122 whiteboarding software to collaborate on the go, and further complimented by ViewBoard\u00ae Cast software for 4 way split screen content sharing.<\/p>\n<\/div>\n<\/div>\n<\/div>\n<div id=\"featureLegacy\" class=\"vs-container-fluid py-5 my-5\">\n<div class=\"row vs-container rc-feature\">\n<div class=\"col-lg-12\">\n<div id=\"feature0\" class=\"vs-container-fluid\" data-feature-id=\"4168\">\n<div class=\"row vs-container rc-feature\">\n<div class=\"col-lg-12 rc-content\">\n<h2>Ultra Fine Touch Technology<\/h2>\n<p>It provides fine precision writing with a 3mm diameter pen tip<\/p>\n<div class=\"row\"><img decoding=\"async\" class=\"img-responsive center-block\" src=\"https:\/\/www.viewsonic.com\/vsAssetFile\/sg\/img\/resize\/product-rc\/_interactive_flat_panel\/IFP7550\/IFP50-2_3mm-pen(1).webp\" \/><\/div>\n<\/div>\n<div class=\"col-lg-12 rc-content wow zoomIn\"><\/div>\n<\/div>\n<\/div>\n<div id=\"feature1\" class=\"vs-container-fluid\" data-feature-id=\"4169\">\n<div class=\"row vs-container rc-feature\">\n<div class=\"col-lg-12 rc-content\">\n<h2>Dual-Pen<\/h2>\n<p>Automatically detect pen diameter (8mm &amp; 3mm) and write simultaneously with different colours and thicknesses.<\/p>\n<div class=\"row\"><img decoding=\"async\" class=\"img-responsive center-block\" src=\"https:\/\/www.viewsonic.com\/vsAssetFile\/sg\/img\/resize\/product-rc\/_interactive_flat_panel\/IFP7550\/IFP50-2_Dual-pen-writing.webp\" \/><\/div>\n<\/div>\n<div class=\"col-lg-12 rc-content wow zoomIn\"><\/div>\n<\/div>\n<\/div>\n<div id=\"feature2\" class=\"vs-container-fluid\" data-feature-id=\"4170\">\n<div class=\"row vs-container rc-feature\">\n<div class=\"col-lg-12 rc-content\">\n<h2>Full Native Performance on Android<\/h2>\n<p>Built-in myViewBoard\u00ae whiteboarding software to collaborate on the go<\/p>\n<div class=\"row\"><img decoding=\"async\" class=\"img-responsive center-block\" src=\"https:\/\/www.viewsonic.com\/vsAssetFile\/sg\/img\/resize\/product-rc\/_interactive_flat_panel\/IFP7550\/IFP50-2_Share content.webp\" \/><\/div>\n<\/div>\n<div class=\"col-lg-12 rc-content wow zoomIn\"><\/div>\n<\/div>\n<\/div>\n<div id=\"feature3\" class=\"vs-container-fluid\" data-feature-id=\"4171\">\n<div class=\"row vs-container rc-feature\">\n<div class=\"col-lg-12 rc-content\">\n<h2>4-way Split Screen<\/h2>\n<p>4-way split screen content sharing with built-in ViewBoard\u00ae Cast software.<\/p>\n<div class=\"row\"><img decoding=\"async\" class=\"img-responsive center-block\" src=\"https:\/\/www.viewsonic.com\/vsAssetFile\/sg\/img\/resize\/product-rc\/_interactive_flat_panel\/IFP7550\/IFP50-2_4-way split screen.webp\" \/><\/div>\n<\/div>\n<div class=\"col-lg-12 rc-content wow zoomIn\"><\/div>\n<\/div>\n<\/div>\n<div id=\"feature4\" class=\"vs-container-fluid\" data-feature-id=\"4172\">\n<div class=\"row vs-container rc-feature\">\n<div class=\"col-lg-12 rc-content\">\n<h2>Shared USB Ports<\/h2>\n<p>SmartPort\u2122 shared front USB ports for internal &amp; external PCs.<\/p>\n<div class=\"row\"><img decoding=\"async\" class=\"img-responsive center-block\" src=\"https:\/\/www.viewsonic.com\/vsAssetFile\/sg\/img\/resize\/product-rc\/_interactive_flat_panel\/IFP7550\/IFP50-2_Shared USB ports.webp\" \/><\/div>\n<\/div>\n<div class=\"col-lg-12 rc-content wow zoomIn\"><\/div>\n<\/div>\n<\/div>\n<div id=\"feature5\" class=\"vs-container-fluid\" data-feature-id=\"4173\">\n<div class=\"row vs-container rc-feature\">\n<div class=\"col-lg-12 rc-content\">\n<h2>Stereo Sound<\/h2>\n<p>2.1 Stereo sound with a built-in subwoofer.<\/p>\n<div class=\"row\"><img decoding=\"async\" class=\"img-responsive center-block\" src=\"https:\/\/www.viewsonic.com\/vsAssetFile\/sg\/img\/resize\/product-rc\/_interactive_flat_panel\/IFP7550\/IFP50-2_Stereo sound.webp\" \/><\/div>\n<\/div>\n<div class=\"col-lg-12 rc-content wow zoomIn\"><\/div>\n<\/div>\n<\/div>\n<div id=\"feature6\" class=\"vs-container-fluid\" data-feature-id=\"4174\">\n<div class=\"row vs-container rc-feature\">\n<div class=\"col-lg-12 rc-content\">\n<h2>Faster Internet<\/h2>\n<p>LAN sharing with slot-in PC provides a faster, more powerful internet connection.<\/p>\n<div class=\"row\"><img decoding=\"async\" class=\"img-responsive center-block\" src=\"https:\/\/www.viewsonic.com\/vsAssetFile\/sg\/img\/resize\/product-rc\/_interactive_flat_panel\/IFP7550-3\/IFP50-2_Faster internet-new(1)_pc.webp\" \/><\/div>\n<\/div>\n<div class=\"col-lg-12 rc-content wow zoomIn\"><\/div>\n<\/div>\n<\/div>\n<div id=\"feature7\" class=\"vs-container-fluid\" data-feature-id=\"4175\">\n<div class=\"row vs-container rc-feature\">\n<div class=\"col-lg-12 rc-content\">\n<h2>Remote Control<\/h2>\n<p>Built-in RS232 port and vController software for remote control.<\/p>\n<div class=\"row\"><img decoding=\"async\" class=\"img-responsive center-block\" src=\"https:\/\/www.viewsonic.com\/vsAssetFile\/sg\/img\/resize\/product-rc\/_interactive_flat_panel\/IFP7550\/IFP50-2_Remote control.webp\" \/><\/div>\n<\/div>\n<div class=\"col-lg-12 rc-content wow zoomIn\"><\/div>\n<\/div>\n<\/div>\n<div id=\"feature8\" class=\"vs-container-fluid\" data-feature-id=\"4176\">\n<div class=\"row vs-container rc-feature\">\n<div class=\"col-lg-12 rc-content\">\n<h2>Slot-in PC<\/h2>\n<p>Slot-in PC with Intel 8th-gen CPU (Optional).<\/p>\n<div class=\"row\"><img decoding=\"async\" class=\"img-responsive center-block\" src=\"https:\/\/www.viewsonic.com\/vsAssetFile\/sg\/img\/resize\/product-rc\/_interactive_flat_panel\/IFP7550\/IFP50-2_Slot-in PC.webp\" \/><\/div>\n<\/div>\n<div class=\"col-lg-12 rc-content wow zoomIn\"><\/div>\n<\/div>\n<\/div>\n<div id=\"feature9\" class=\"vs-container-fluid\" data-feature-id=\"4177\">\n<div class=\"row vs-container rc-feature\">\n<div class=\"col-lg-12 rc-content\">\n<h2>Web Camera<\/h2>\n<p>Top-mounted 1080p web camera (Optional).<\/p>\n<div class=\"row\"><img decoding=\"async\" class=\"img-responsive center-block\" src=\"https:\/\/www.viewsonic.com\/vsAssetFile\/sg\/img\/resize\/product-rc\/_interactive_flat_panel\/IFP7550\/IFP50-2_top webcam.webp\" \/><\/div>\n<\/div>\n<div class=\"col-lg-12 rc-content wow zoomIn\"><\/div>\n<\/div>\n<\/div>\n<div id=\"feature10\" class=\"vs-container-fluid\" data-feature-id=\"4178\">\n<div class=\"row vs-container rc-feature\">\n<div class=\"product-dim\">\n<h2>I\/O Ports<\/h2>\n<div class=\"dim-media\"><img decoding=\"async\" class=\"dim-image center-block\" src=\"https:\/\/www.viewsonic.com\/vsAssetFile\/sg\/img\/resize\/product-rc\/_interactive_flat_panel\/IFP7550\/ifp7550-2-io.webp\" \/><\/div>\n<ol>\n<li>MENU CONTROLS<\/li>\n<li>USB X 3<\/li>\n<li>Intel Unite<sup>\u00ae<\/sup>\u00a0Certified OPS Slot<\/li>\n<li>HDMI OUT<\/li>\n<li>USB 3.0<\/li>\n<li>TOUCH X 2<\/li>\n<li>VGA<\/li>\n<li>HDMI IN X 3<\/li>\n<li>AUDIO IN<\/li>\n<li>CAMERA PORT<\/li>\n<li>VESA<sup>\u00ae<\/sup>\u00a0WALL Mount 800&#215;600 mm<\/li>\n<li>INTERNAL SPEAKERS<\/li>\n<li>USB 2.0<\/li>\n<li>AUDIO OUT<\/li>\n<li>RS232<\/li>\n<li>AV IN<\/li>\n<li>SPDIF<\/li>\n<li>LAN<\/li>\n<\/ol>\n<\/div>\n<\/div>\n<\/div>\n<p>&nbsp;<\/p>\n<\/div>\n<\/div>\n<\/div>\n<div id=\"reviews\" class=\"vs-container-fluid py-5 my-5\">\n<div class=\"vs-container product-section\">\n<div class=\"row\">\n<div class=\"col-lg-12\">\n<h2 class=\"text-center\">REVIEWS<\/h2>\n<\/div>\n<div class=\"col-lg-12\">\n<div class=\"slick-carousel slick-h slick-initialized slick-slider slick-dotted\">\n<div class=\"slick-list draggable\">\n<div class=\"slick-track\">\n<div id=\"slick-slide10\" class=\"item slick-slide slick-current slick-active\" tabindex=\"0\" role=\"tabpanel\" data-slick-index=\"0\" aria-hidden=\"false\" aria-describedby=\"slick-slide-control10\">\n<div class=\"logo\"><a tabindex=\"0\" href=\"https:\/\/youtu.be\/YvTBc9lO1ds\" target=\"_blank\" rel=\"noopener\"><img decoding=\"async\" class=\" lazyloaded\" src=\"https:\/\/www.viewsonic.com\/vsAssetFile\/sg\/img\/resize\/DucPhap-IFP50-2.webp\" alt=\"[Video] \u0110\u1ee9c Ph\u00e1p Technology\" \/><\/a><\/div>\n<p><strong><a tabindex=\"0\" href=\"https:\/\/youtu.be\/YvTBc9lO1ds\" target=\"_blank\" rel=\"noopener\">[Video] \u0110\u1ee9c Ph\u00e1p Technology<\/a><\/strong><\/p>\n<div class=\"text\">\n<p><i>\u201c\u0110\u00e1nh gi\u00e1 m\u00e0n h\u00ecnh t\u01b0\u01a1ng t\u00e1c ViewSonic IFP50-2: T\u00edch h\u1ee3p nhi\u1ec1u c\u00f4ng ngh\u1ec7 hi\u1ec7n \u0111\u1ea1i, th\u01b0\u01a1ng hi\u1ec7u USA.\u201d<\/i><\/p>\n<\/div>\n<p><a tabindex=\"0\" href=\"https:\/\/youtu.be\/YvTBc9lO1ds\" target=\"_blank\" rel=\"noopener\">Read Review<\/a><\/p>\n<\/div>\n<\/div>\n<\/div>\n<ul class=\"slick-dots\" role=\"tablist\">\n<li class=\"slick-active\" role=\"presentation\"><button id=\"slick-slide-control10\" tabindex=\"0\" role=\"tab\" type=\"button\" aria-controls=\"slick-slide10\" aria-label=\"1 of 1\" aria-selected=\"true\">1<\/button><\/li>\n<\/ul>\n<\/div>\n<\/div>\n<\/div>\n<\/div>\n<\/div>\n<div id=\"specs\" class=\"vs-container-fluid py-5 my-5\">\n<div class=\"vs-container product-section\">\n<div class=\"row\">\n<div class=\"col-lg-12\">\n<h2 class=\"text-center\">SPECIFICATIONS<\/h2>\n<\/div>\n<div class=\"col-lg-12 columns\">\n<div id=\"spec-area\" class=\"row\">\n<ul class=\"product-spec\">\n<li><span class=\"spec-item\">Display<\/span>\n<div class=\"spec-data\"><strong>Panel Size:\u00a0<\/strong>75&#8243;<br \/>\n<strong>Type\/Tech:\u00a0<\/strong>TFT LCD Module with DLED Backlight.<br \/>\n<strong>Display Area (mm):\u00a0<\/strong>1665.66 (H) x 944.73 (V) (74.5\u201d diagonal)<br \/>\n<strong>Aspect Ratio:\u00a0<\/strong>16:9<br \/>\n<strong>Native Resolution:\u00a0<\/strong>UHD 3840&#215;2160(Pixels)<br \/>\n<strong>Colours:\u00a0<\/strong>1.07B colours (10bit)<br \/>\n<strong>Brightness:\u00a0<\/strong>350 nits (typ.) 300 nits (min.)<br \/>\n<strong>Contrast Ratio:\u00a0<\/strong>5000:1 (DCR)<br \/>\n<strong>Response Time:\u00a0<\/strong>8ms<br \/>\n<strong>Viewing Angles:\u00a0<\/strong>H = 178, V = 178 typ.<br \/>\n<strong>Backlight Life:\u00a0<\/strong>30,000 Hours (Min)<br \/>\n<strong>Surface Treatment:\u00a0<\/strong>Anti-Glare<br \/>\n<strong>Bezel:\u00a0<\/strong>Slim<br \/>\n<strong>Orientation:\u00a0<\/strong>Landscape<\/div>\n<\/li>\n<li><span class=\"spec-item\">Platform<\/span>\n<div class=\"spec-data\"><strong>Processor:\u00a0<\/strong>ARM Cortex A73 dual-core 1.2GHz<br \/>\n<strong>RAM:\u00a0<\/strong>2GB DDR4<br \/>\n<strong>Storage:\u00a0<\/strong>16GB<\/div>\n<\/li>\n<li><span class=\"spec-item\">Touch<\/span>\n<div class=\"spec-data\"><strong>Type\/ Tech:\u00a0<\/strong>IR Recognition<br \/>\n<strong>Touch Resolution:\u00a0<\/strong>32767 x 32767<br \/>\n<strong>Touch Point:\u00a0<\/strong>20 points touch, 10 points writing<\/div>\n<\/li>\n<\/ul>\n<\/div>\n<\/div>\n<\/div>\n<\/div>\n<\/div>\n","protected":false},"excerpt":{"rendered":"<p>OVERVIEW The ViewBoard\u00ae IFP50 series embraces ultra fine touch technology to offer fine precision writing. Along with slim IR touch and its optimized integration, the processing time is faster than traditional IR panels. Meanwhile, smooth dual-pen writing with our new, slim 3mm pens enables teachers and students to work efficiently on any detailed tasks that [&hellip;]<\/p>\n","protected":false},"featured_media":1181,"template":"","meta":[],"product_brand":[28],"product_cat":[33,34],"product_tag":[],"class_list":{"0":"post-1154","1":"product","2":"type-product","3":"status-publish","4":"has-post-thumbnail","6":"product_brand-viewsonic","7":"product_cat-digital-signage","8":"product_cat-all-models-digital-signage","10":"first","11":"instock","12":"shipping-taxable","13":"purchasable","14":"product-type-simple"},"aioseo_notices":[],"_links":{"self":[{"href":"https:\/\/singaporetouchlcd.com\/php1\/wp-json\/wp\/v2\/product\/1154","targetHints":{"allow":["GET"]}}],"collection":[{"href":"https:\/\/singaporetouchlcd.com\/php1\/wp-json\/wp\/v2\/product"}],"about":[{"href":"https:\/\/singaporetouchlcd.com\/php1\/wp-json\/wp\/v2\/types\/product"}],"wp:featuredmedia":[{"embeddable":true,"href":"https:\/\/singaporetouchlcd.com\/php1\/wp-json\/wp\/v2\/media\/1181"}],"wp:attachment":[{"href":"https:\/\/singaporetouchlcd.com\/php1\/wp-json\/wp\/v2\/media?parent=1154"}],"wp:term":[{"taxonomy":"product_brand","embeddable":true,"href":"https:\/\/singaporetouchlcd.com\/php1\/wp-json\/wp\/v2\/product_brand?post=1154"},{"taxonomy":"product_cat","embeddable":true,"href":"https:\/\/singaporetouchlcd.com\/php1\/wp-json\/wp\/v2\/product_cat?post=1154"},{"taxonomy":"product_tag","embeddable":true,"href":"https:\/\/singaporetouchlcd.com\/php1\/wp-json\/wp\/v2\/product_tag?post=1154"}],"curies":[{"name":"wp","href":"https:\/\/api.w.org\/{rel}","templated":true}]}}